{"id":151,"date":"2024-11-20T10:25:50","date_gmt":"2024-11-20T09:25:50","guid":{"rendered":"https:\/\/congresso-italiano-bronchiectasie.it\/?page_id=151"},"modified":"2026-03-27T12:14:21","modified_gmt":"2026-03-27T11:14:21","slug":"faculty","status":"publish","type":"page","link":"https:\/\/congresso-italiano-bronchiectasie.it\/?page_id=151","title":{"rendered":"Faculty"},"content":{"rendered":"\t\t<div data-elementor-type=\"wp-page\" data-elementor-id=\"151\" class=\"elementor elementor-151\" data-elementor-post-type=\"page\">\n\t\t\t\t<div class=\"elementor-element elementor-element-c2e8341 e-flex e-con-boxed e-con e-parent\" data-id=\"c2e8341\" data-element_type=\"container\">\n\t\t\t\t\t<div class=\"e-con-inner\">\n\t\t\t\t\t<\/div>\n\t\t\t\t<\/div>\n\t\t<div class=\"elementor-element elementor-element-9a2bb79 e-flex e-con-boxed e-con e-parent\" data-id=\"9a2bb79\" data-element_type=\"container\">\n\t\t\t\t\t<div class=\"e-con-inner\">\n\t\t<div class=\"elementor-element elementor-element-f5ce45d e-con-full e-flex e-con e-child\" data-id=\"f5ce45d\" data-element_type=\"container\">\n\t\t\t\t<div class=\"elementor-element elementor-element-495e56d elementor-widget elementor-widget-elementskit-heading\" data-id=\"495e56d\" data-element_type=\"widget\" data-settings=\"{&quot;ekit_we_effect_on&quot;:&quot;none&quot;}\" data-widget_type=\"elementskit-heading.default\">\n\t\t\t\t<div class=\"elementor-widget-container\">\n\t\t\t\t\t<div class=\"ekit-wid-con\" ><div class=\"ekit-heading elementskit-section-title-wraper text_left   ekit_heading_tablet-   ekit_heading_mobile-\"><h2 class=\"ekit-heading--title elementskit-section-title  ekit-heading__title-has-border start\"><span><span>Faculty<\/span><\/span><\/h2><div class=\"ekit_heading_separetor_wraper ekit_heading_elementskit-border-divider ekit-dotted\"><div class=\"elementskit-border-divider ekit-dotted\"><\/div><\/div>\t\t\t\t<div class='ekit-heading__description'>\n\t\t\t\t\t<p>Il <strong>2\u00b0 Congresso Italiano delle Bronchiectasie<\/strong> riunir\u00e0 alcuni dei pi\u00f9 importanti esperti nazionali e internazionali nel campo delle malattie respiratorie.<\/p>\n<p>La nostra faculty sar\u00e0 composta da clinici, ricercatori e specialisti di fama, garantendo un programma scientifico di altissimo livello.<\/p>\n\t\t\t\t<\/div>\n\t\t\t<\/div><\/div>\t\t\t\t<\/div>\n\t\t\t\t<\/div>\n\t\t<div class=\"elementor-element elementor-element-df306d5 e-con-full e-flex e-con e-child\" data-id=\"df306d5\" data-element_type=\"container\" data-settings=\"{&quot;background_background&quot;:&quot;classic&quot;}\">\n\t\t\t\t<div class=\"elementor-element elementor-element-6fa7831 elementor-widget elementor-widget-heading\" data-id=\"6fa7831\" data-element_type=\"widget\" data-settings=\"{&quot;ekit_we_effect_on&quot;:&quot;none&quot;}\" data-widget_type=\"heading.default\">\n\t\t\t\t<div class=\"elementor-widget-container\">\n\t\t\t\t\t<h3 class=\"elementor-heading-title elementor-size-default\">Relatori di Spicco<\/h3>\t\t\t\t<\/div>\n\t\t\t\t<\/div>\n\t\t\t\t<div class=\"elementor-element elementor-element-57095fc elementor-widget elementor-widget-text-editor\" data-id=\"57095fc\" data-element_type=\"widget\" data-settings=\"{&quot;ekit_we_effect_on&quot;:&quot;none&quot;}\" data-widget_type=\"text-editor.default\">\n\t\t\t\t<div class=\"elementor-widget-container\">\n\t\t\t\t\t\t\t\t\t<p>La lista completa dei relatori sar\u00e0 presto disponibile. Il congresso ospiter\u00e0:<\/p><ul class=\"marker:text-textOff list-disc pl-8\"><li>Esperti italiani leader nel campo delle bronchiectasie<\/li><li>Rinomati specialisti internazionali<\/li><li>Giovani ricercatori selezionati per la sessione &#8220;Rising Stars&#8221;<\/li><\/ul>\t\t\t\t\t\t\t\t<\/div>\n\t\t\t\t<\/div>\n\t\t\t\t<\/div>\n\t\t<div class=\"elementor-element elementor-element-5b73c8d e-con-full e-flex e-con e-child\" data-id=\"5b73c8d\" data-element_type=\"container\" data-settings=\"{&quot;background_background&quot;:&quot;classic&quot;}\">\n\t\t\t\t<div class=\"elementor-element elementor-element-751e097 elementor-widget elementor-widget-heading\" data-id=\"751e097\" data-element_type=\"widget\" data-settings=\"{&quot;ekit_we_effect_on&quot;:&quot;none&quot;}\" data-widget_type=\"heading.default\">\n\t\t\t\t<div class=\"elementor-widget-container\">\n\t\t\t\t\t<h3 class=\"elementor-heading-title elementor-size-default\">Aree di Expertise<\/h3>\t\t\t\t<\/div>\n\t\t\t\t<\/div>\n\t\t\t\t<div class=\"elementor-element elementor-element-cd0a45c elementor-widget elementor-widget-text-editor\" data-id=\"cd0a45c\" data-element_type=\"widget\" data-settings=\"{&quot;ekit_we_effect_on&quot;:&quot;none&quot;}\" data-widget_type=\"text-editor.default\">\n\t\t\t\t<div class=\"elementor-widget-container\">\n\t\t\t\t\t\t\t\t\t<p>I nostri relatori copriranno una vasta gamma di argomenti, tra cui:<\/p><ul class=\"marker:text-textOff list-disc pl-8\"><li>Epidemiologia delle bronchiectasie<\/li><li>Diagnosi e follow-up<\/li><li>Terapie innovative<\/li><li>Gestione delle comorbidit\u00e0<\/li><li>Fisioterapia respiratoria<\/li><li>Aspetti psicosociali della malattia<\/li><\/ul>\t\t\t\t\t\t\t\t<\/div>\n\t\t\t\t<\/div>\n\t\t\t\t<\/div>\n\t\t<div class=\"elementor-element elementor-element-c1cc3e4 e-con-full elementor-hidden-desktop elementor-hidden-tablet elementor-hidden-mobile e-flex e-con e-child\" data-id=\"c1cc3e4\" data-element_type=\"container\" data-settings=\"{&quot;background_background&quot;:&quot;classic&quot;}\">\n\t\t\t\t<div class=\"elementor-element elementor-element-44d6195 elementor-widget elementor-widget-heading\" data-id=\"44d6195\" data-element_type=\"widget\" data-settings=\"{&quot;ekit_we_effect_on&quot;:&quot;none&quot;}\" data-widget_type=\"heading.default\">\n\t\t\t\t<div class=\"elementor-widget-container\">\n\t\t\t\t\t<h3 class=\"elementor-heading-title elementor-size-default\">Sessioni Speciali<\/h3>\t\t\t\t<\/div>\n\t\t\t\t<\/div>\n\t\t\t\t<div class=\"elementor-element elementor-element-42299f8 elementor-widget elementor-widget-text-editor\" data-id=\"42299f8\" data-element_type=\"widget\" data-settings=\"{&quot;ekit_we_effect_on&quot;:&quot;none&quot;}\" data-widget_type=\"text-editor.default\">\n\t\t\t\t<div class=\"elementor-widget-container\">\n\t\t\t\t\t\t\t\t\t<ul class=\"marker:text-textOff list-disc pl-8\"><li><strong>Sessione Inaugurale<\/strong>:<br \/>\u201cPresentazione del Libro Bianco sulle Bronchiectasie\u201d<br \/><em>AIB \u2013 S. Aliberti (Milano) \u2013 F. Pagnini (Prato)<\/em>\u00a0<br \/><br \/><\/li><li><strong>Lettura Magistrale<\/strong>:<br \/>&#8220;Epidemiologia Italiana delle Bronchiectasie&#8221;<br \/><em>S. Aliberti (Milano)<br \/><br \/><\/em><\/li><li><strong>Rising Stars<\/strong>:<br \/>Presentazioni di giovani clinici e ricercatori under 42<\/li><\/ul>\t\t\t\t\t\t\t\t<\/div>\n\t\t\t\t<\/div>\n\t\t\t\t<\/div>\n\t\t<div class=\"elementor-element elementor-element-a123338 e-con-full e-flex e-con e-child\" data-id=\"a123338\" data-element_type=\"container\" data-settings=\"{&quot;background_background&quot;:&quot;classic&quot;}\">\n\t\t\t\t<div class=\"elementor-element elementor-element-e6012da elementor-widget elementor-widget-heading\" data-id=\"e6012da\" data-element_type=\"widget\" data-settings=\"{&quot;ekit_we_effect_on&quot;:&quot;none&quot;}\" data-widget_type=\"heading.default\">\n\t\t\t\t<div class=\"elementor-widget-container\">\n\t\t\t\t\t<h3 class=\"elementor-heading-title elementor-size-default\">Opportunit\u00e0 di Networking<\/h3>\t\t\t\t<\/div>\n\t\t\t\t<\/div>\n\t\t\t\t<div class=\"elementor-element elementor-element-a9c337d elementor-widget elementor-widget-text-editor\" data-id=\"a9c337d\" data-element_type=\"widget\" data-settings=\"{&quot;ekit_we_effect_on&quot;:&quot;none&quot;}\" data-widget_type=\"text-editor.default\">\n\t\t\t\t<div class=\"elementor-widget-container\">\n\t\t\t\t\t\t\t\t\t<p>Il congresso offrir\u00e0 numerose occasioni per interagire con i relatori, tra cui:<\/p><ul class=\"marker:text-textOff list-disc pl-8\"><li>Sessioni di domande e risposte<\/li><li>Tavole rotonde<\/li><li>Sessioni poster<\/li><\/ul>\t\t\t\t\t\t\t\t<\/div>\n\t\t\t\t<\/div>\n\t\t\t\t<\/div>\n\t\t<div class=\"elementor-element elementor-element-637b52d e-con-full e-flex e-con e-child\" data-id=\"637b52d\" data-element_type=\"container\" data-settings=\"{&quot;background_background&quot;:&quot;classic&quot;}\">\n\t\t\t\t<div class=\"elementor-element elementor-element-9e4a24b elementor-widget elementor-widget-heading\" data-id=\"9e4a24b\" data-element_type=\"widget\" data-settings=\"{&quot;ekit_we_effect_on&quot;:&quot;none&quot;}\" data-widget_type=\"heading.default\">\n\t\t\t\t<div class=\"elementor-widget-container\">\n\t\t\t\t\t<h3 class=\"elementor-heading-title elementor-size-default\">Aggiornamenti<\/h3>\t\t\t\t<\/div>\n\t\t\t\t<\/div>\n\t\t\t\t<div class=\"elementor-element elementor-element-d8354e4 elementor-widget elementor-widget-text-editor\" data-id=\"d8354e4\" data-element_type=\"widget\" data-settings=\"{&quot;ekit_we_effect_on&quot;:&quot;none&quot;}\" data-widget_type=\"text-editor.default\">\n\t\t\t\t<div class=\"elementor-widget-container\">\n\t\t\t\t\t\t\t\t\t<p>La lista completa dei relatori e il programma dettagliato saranno pubblicati nelle prossime settimane. Vi invitiamo a controllare regolarmente questa pagina per gli aggiornamenti.<\/p><p>Per qualsiasi domanda riguardante la faculty o il programma scientifico, non esitate a contattarci all&#8217;indirizzo:\u00a0<a class=\"break-word hover:text-super hover:decoration-super dark:hover:text-superDark dark:hover:decoration-superDark underline decoration-from-font underline-offset-1 transition-all duration-300\" href=\"mailto:bronchiectasie@lena.events\" target=\"_blank\" rel=\"nofollow noopener\">bronchiectasie@lena.events<\/a><\/p>\t\t\t\t\t\t\t\t<\/div>\n\t\t\t\t<\/div>\n\t\t\t\t<\/div>\n\t\t\t\t<\/div>\n\t\t<div class=\"elementor-element elementor-element-68cc180 e-con-full e-flex e-con e-child\" data-id=\"68cc180\" data-element_type=\"container\" data-settings=\"{&quot;sticky&quot;:&quot;top&quot;,&quot;sticky_on&quot;:[&quot;desktop&quot;],&quot;sticky_offset&quot;:93,&quot;sticky_parent&quot;:&quot;yes&quot;,&quot;sticky_effects_offset&quot;:0,&quot;sticky_anchor_link_offset&quot;:0}\">\n\t\t\t\t<div class=\"elementor-element elementor-element-84d4601 elementor-widget elementor-widget-text-editor\" data-id=\"84d4601\" data-element_type=\"widget\" data-settings=\"{&quot;ekit_we_effect_on&quot;:&quot;none&quot;}\" data-widget_type=\"text-editor.default\">\n\t\t\t\t<div class=\"elementor-widget-container\">\n\t\t\t\t\t\t\t\t\t<div role=\"presentation\">D. Addrizzo-Harris (New York, USA)<br \/>F. Amati (Milano)<br \/>M. Bonifazi (Ancona)<br \/>F. Braido (Genova)<br \/>G. W. Canonica (Milano)<br \/>M. Contarini (Milano)<br \/>C. Crimi (Catania)<br \/>S. D\u2019Amico (Milano)<br \/>P. Faverio (Monza)<br \/>A. Kantar (Bergamo)<br \/>M. Mantero (Milano)<br \/>G. Montemurro (Roma)<\/div><div class=\"elementToProof\" role=\"presentation\">M. Ori (Milano)<br \/>D. Nobile (Trieste)<br \/>V. Polelli (Milano)<br \/>F. Salton (Trieste)<br \/>U. Semenzato (Padova)<br \/>M. Shteinberg (Israel)<br \/>O. Sibila (Spain)<br \/>S. Volpi (Verona)<\/div>\t\t\t\t\t\t\t\t<\/div>\n\t\t\t\t<\/div>\n\t\t\t\t<\/div>\n\t\t\t\t\t<\/div>\n\t\t\t\t<\/div>\n\t\t\t\t<\/div>\n\t\t\r\n<!-- WeMeet Web(R) - Gange - All rights reserved: 2010 - 2025, plug-in for WordPress by Lena Group, https:\/\/lenagroup.net -->\r\n<div id=\"idGangeCookiesDiv1\" class=\"gange_CookiesDiv1\"><div id=\"idGangeCookiesDiv2\" class=\"gange_CookiesDiv2\"><form id=\"idGangeCookiesForm\" name=\"GangeCookiesForm\" action=\"#\" method=\"post\"><span id=\"idGangeCookiesSpan1\" class=\"gange_CookiesSpan1\">We use cookies to ensure that we give you the best experience on our website.<\/span><span id=\"idGangeCookiesSpan2\" class=\"gange_CookiesSpan2\">We use cookies to improve analyze its performance. You can authorize or block the cookies by clicking the checkbox on the right side of each single cookie. <a href='https:\/\/lenagroup.net\/other\/cookies-policy\/' target='_blank'>See our cookies policy<\/a>.<br>Google Analytics, I accept:<input id=\"idGangeCookiesAnalytics\" name=\"idGangeCookiesAnalytics\" type=\"checkbox\" checked=\"checked\" value=\"1\"><\/span><span id=\"idGangeCookiesSpanSubmit\" class=\"gange_CookiesSpanSubmit\"><input id=\"idGangeCookiesTag\" name=\"idGangeCookiesTag\" type=\"hidden\" value=\"##COOKIESGANGE##\"><input id=\"idGangeCookiesSubmit\" name=\"idGangeCookiesSubmit\" type=\"submit\" class=\"gange_CookiesSubmit\" value=\"Update my Preferences\"><\/span><\/form><\/div><\/div>\r\n<!-- WeMeet Web(R) - Gange - All rights reserved: 2010 - 2025, plug-in for WordPress by Lena Group, https:\/\/lenagroup.net -->\r\n <script type=\"text\/javascript\"> if (typeof(f_tFlgVISA) === typeof(Function))  \tf_tFlgVISA(null);  if (typeof(f_tFlgAllergia) === typeof(Function))  \tf_tFlgAllergia(null);  if (typeof(f_IDTipologia) === typeof(Function)) {  \tvar eObjTYPE = document.getElementById(\"id_IDTipologia\");  \tf_IDTipologia(eObjTYPE);  }  if (typeof(f_IDAttivita) === typeof(Function)) {  \tvar etFlgActivity = document.getElementById(\"id_IDAttivita\");  \tf_IDAttivita(etFlgActivity);  }  if (typeof(f_IDNazionalita) === typeof(Function)) {  \tvar etFlgNazionalita = document.getElementById(\"id_IDNazionalita\");  \tf_IDNazionalita(etFlgNazionalita);  }  if (typeof(f_IndFattIDNazione) === typeof(Function))  \tf_IndFattIDNazione(null);  if (typeof(f_IDDomanda17019) === typeof(Function)) {  \tvar etFlgDomanda17019 = document.getElementById(\"id_IDDomanda17019\");  \tif (etFlgDomanda17019 != null) {  \t\tf_IDDomanda17019(etFlgDomanda17019);  \t}  }  if (typeof(f_IDDomanda17022) === typeof(Function)) {  \tvar etFlgDomanda17022 = document.getElementById(\"id_IDDomanda17022\");  \tif (etFlgDomanda17022 != null) {  \t\tf_IDDomanda17022(etFlgDomanda17022);  \t}  }  <\/script>","protected":false},"excerpt":{"rendered":"<p>Faculty Il 2\u00b0 Congresso Italiano delle Bronchiectasie riunir\u00e0 alcuni dei pi\u00f9 importanti esperti nazionali e internazionali nel campo delle malattie respiratorie. La nostra faculty sar\u00e0 composta da clinici, ricercatori e specialisti di fama, garantendo un programma scientifico di altissimo livello. Relatori di Spicco La lista completa dei relatori sar\u00e0 presto disponibile. Il congresso ospiter\u00e0: Esperti [&hellip;]<\/p>\n","protected":false},"author":1,"featured_media":0,"parent":2,"menu_order":3,"comment_status":"closed","ping_status":"closed","template":"","meta":{"footnotes":""},"class_list":["post-151","page","type-page","status-publish","hentry"],"_links":{"self":[{"href":"https:\/\/congresso-italiano-bronchiectasie.it\/index.php?rest_route=\/wp\/v2\/pages\/151","targetHints":{"allow":["GET"]}}],"collection":[{"href":"https:\/\/congresso-italiano-bronchiectasie.it\/index.php?rest_route=\/wp\/v2\/pages"}],"about":[{"href":"https:\/\/congresso-italiano-bronchiectasie.it\/index.php?rest_route=\/wp\/v2\/types\/page"}],"author":[{"embeddable":true,"href":"https:\/\/congresso-italiano-bronchiectasie.it\/index.php?rest_route=\/wp\/v2\/users\/1"}],"replies":[{"embeddable":true,"href":"https:\/\/congresso-italiano-bronchiectasie.it\/index.php?rest_route=%2Fwp%2Fv2%2Fcomments&post=151"}],"version-history":[{"count":38,"href":"https:\/\/congresso-italiano-bronchiectasie.it\/index.php?rest_route=\/wp\/v2\/pages\/151\/revisions"}],"predecessor-version":[{"id":1175,"href":"https:\/\/congresso-italiano-bronchiectasie.it\/index.php?rest_route=\/wp\/v2\/pages\/151\/revisions\/1175"}],"up":[{"embeddable":true,"href":"https:\/\/congresso-italiano-bronchiectasie.it\/index.php?rest_route=\/wp\/v2\/pages\/2"}],"wp:attachment":[{"href":"https:\/\/congresso-italiano-bronchiectasie.it\/index.php?rest_route=%2Fwp%2Fv2%2Fmedia&parent=151"}],"curies":[{"name":"wp","href":"https:\/\/api.w.org\/{rel}","templated":true}]}}